{"id":11923,"date":"2022-11-03T11:29:33","date_gmt":"2022-11-03T11:29:33","guid":{"rendered":"https:\/\/fintech.gip-service.de\/?page_id=11923"},"modified":"2022-11-04T11:17:44","modified_gmt":"2022-11-04T11:17:44","slug":"impressum","status":"publish","type":"page","link":"https:\/\/fintech.gip-service.de\/?page_id=11923","title":{"rendered":"Impressum"},"content":{"rendered":"\n<figure class=\"wp-block-table\"><table class=\"has-black-color has-text-color has-background\" style=\"background-color:#f8faff\"><thead><tr><th>Impressum<\/th><\/tr><\/thead><tbody><tr><td>\n<p><strong>Erstinformation \/ Statusbezogene Informationen<\/strong><br>Erstinformation gem\u00e4\u00df \u00a7 34d Abs. 1 GewO- und \u00a7 34f GewO-Zulassungsinhaber gem. \u00a7 15 VersVermV und \u00a7 12 und \u00a7 12a FinVermV.<\/p>\n<p><strong>1.&nbsp;&nbsp; &nbsp;Name und Anschrift<\/strong><\/p>\n<p>GIP Fonds-Service GmbH<br>Gesch\u00e4ftsf\u00fchrer: Edgar Bauschert<br>Nagelstra\u00dfe 14<br>54290 Trier<br>Telefon: 0651 \/ 970 95 &#8211; 0<br>Fax: 0651 \/ 970 95 &#8211; 22&nbsp;&nbsp; &nbsp;<br>E-Mail: <span id=\"cloakf3e17439ac1965f6119d00b0114573e2\"><a href=\"mailto:info@gip-service.de\">info@gip-service.de<\/a><\/span><br>www.gip-service.de<\/p>\n<p><strong>2.&nbsp;&nbsp; &nbsp;T\u00e4tigkeitsart<\/strong><\/p>\n<ul>\n<li>Versicherungsmakler mit der Erlaubnis nach \u00a7 34d Abs. 1 GewO und als<\/li>\n<li>Finanzanlagenvermittler mit Erlaubnis nach \u00a7 34f Abs. 1 GewO ausgestattet.<\/li>\n<\/ul>\n<p>&nbsp;Diese Erlaubnisse beinhaltet die Befugnis zur Anlageberatung oder zur Vermittlung des Abschlusses von Vertr\u00e4gen \u00fcber&nbsp;<\/p>\n<ul>\n<li>Versicherungen (\u00a7 34d Abs. 1 GewO),<\/li>\n<li>Finanzanlagen gem\u00e4\u00df \u00a7 34f Abs. 1, S. 1, Nr. 1, 2 und 3 GewO<\/li>\n<\/ul>\n<p><strong>3.&nbsp;&nbsp; &nbsp;Erlaubnisbeh\u00f6rde \/ Registrierungsbeh\u00f6rde<\/strong><\/p>\n<p>Versicherungsmakler nach \u00a7 34d Gewerbeordnung:<\/p>\n<ul>\n<li>Zust\u00e4ndige Beh\u00f6rde: IHK-Trier, Herzogenbuscher Str. 12, 54292 Trier, Telefon: 0651 \/ 9777 &#8211; 0, Fax: 0651 \/ 9777 &#8211; 150, E-Mail: <span id=\"cloakf64f87a60a798fde70a098a49e483252\"><a href=\"mailto:infocenter@trier.ihk.de\">infocenter@trier.ihk.de<\/a><\/span>, www.ihk-trier.de<\/li>\n<\/ul>\n<p>Finanzanlagenvermittler nach \u00a7 34f Gewerbeordnung:<\/p>\n<ul>\n<li>Erlaubnisbeh\u00f6rde: Stadt\u00acver\u00acwal\u00actung Trier (Ord\u00acnungs\u00acamt), Wasserweg 7-9, 54292 Trier, Telefon: 0651 \/ 718 &#8211; 0, Fax: 0651 \/ 718 &#8211; 1328<\/li>\n<li>Registrierungsbeh\u00f6rde: IHK-Trier, Herzogenbuscher Str. 12, 54292 Trier, Telefon: 0651 \/ 9777 &#8211; 0, Fax: 0651 \/ 9777 &#8211; 150, E-Mail: <span id=\"cloak740c17dfff41fd36786db37867f3030b\"><a href=\"mailto:infocenter@trier.ihk.de\">infocenter@trier.ihk.de<\/a><\/span>, www.ihk-trier.de<\/li>\n<\/ul>\n<p><strong>4.&nbsp;&nbsp; &nbsp;Gemeinsame Registerstelle nach \u00a7 11a Abs. 1 GewO und Eintragung im Vermittlerregister<\/strong><\/p>\n<p>Deutscher Industrie- und Handelskammertag (DIHK) e.V., Breite Stra\u00dfe 29, 10178 Berlin, Auskunft \u00fcber: Telefon: 030 \/ 20308 &#8211; 0&nbsp; oder www.vermittlerregister.org unter der jeweiligen Registernummer:<\/p>\n<ul>\n<li>D-6YBE-FRCVW-69 (f\u00fcr \u00a7 34d GewO)<\/li>\n<li>D-F-176-ASTR-35 (f\u00fcr \u00a7 34f GewO)<\/li>\n<\/ul>\n<p><strong>5.&nbsp;&nbsp; &nbsp;Informationen \u00fcber Art und Quelle der Verg\u00fctung als Versicherungsmakler<\/strong><\/p>\n<p>Die Verg\u00fctung der T\u00e4tigkeit erfolgt als:<\/p>\n<ul>\n<li>konkret vereinbarte Zahlung durch den Kunden oder als<\/li>\n<li>in der Versicherungspr\u00e4mie enthaltene Provision, die vom jeweiligen Versicherungsunternehmen ausgezahlt wird<\/li>\n<li>oder als Kombination aus beidem.<\/li>\n<\/ul>\n<p>Dies ist jeweils abh\u00e4ngig von den W\u00fcnschen und Bed\u00fcrfnissen des Kunden und den Versicherungsprodukten, welche eventuell vermittelt werden.<\/p>\n<p><strong>6.&nbsp;&nbsp; &nbsp;Beratung<\/strong><\/p>\n<p>Die T\u00e4tigkeit als Versicherungsmakler beinhaltet auch Beratung.<\/p>\n<p><strong>7.&nbsp;&nbsp; &nbsp;Informationen \u00fcber Emittenten und Anbieter, zu deren Finanzanlagen vermittelt und ggf. beraten wird<\/strong><\/p>\n<p>Vermittelt und ggf. beraten wird zu Finanzanlagen aus der gesamten Breite des in Deutschland bestehenden Marktes soweit dies im Rahmen der beh\u00f6rdlichen Zulassung als Finanzanlagenvermittler gem. \u00a7 34f GewO zul\u00e4ssig ist.<\/p>\n<p><strong>8.&nbsp;&nbsp; &nbsp;Informationen \u00fcber die Verg\u00fctung bei der Finanzanlagenvermittlung und ggf. -beratung &nbsp;<\/strong><\/p>\n<ul>\n<li>Im Zusammenhang mit der Anlagevermittlung und ggf. -beratung kann die Verg\u00fctung hierf\u00fcr durch den Anleger oder durch Dritte (Produktgeber) oder in Kombination erfolgen. Dies ist abh\u00e4ngig von den W\u00fcnschen und Bed\u00fcrfnissen des Anlegers und den Finanzprodukten, welche eventuell vermittelt werden.<\/li>\n<li>Soweit die Verg\u00fctungsbestandteile insofern durch den Anleger gezahlt werden, erfolgt dies entsprechend der gesondert zu treffenden Verg\u00fctungsvereinbarung.<\/li>\n<li>Soweit Zuwendungen im Zusammenhang mit der Anlageberatung oder -vermittlung insofern von Dritten (Produktgebern) erbracht werden, d\u00fcrfen diese behalten werden.<\/li>\n<\/ul>\n<p><strong>9.&nbsp;&nbsp; &nbsp;M\u00f6gliche Interessenskonflikte<\/strong><\/p>\n<p>Laut Fondsprospekt ist die GIP Fonds-Service GmbH offizielle Vertriebsstelle der B&amp;B Fonds.<\/p>\n<p><strong>10.&nbsp;&nbsp; &nbsp;Alternative Streitbeilegung<\/strong><\/p>\n<p>Sofern im Falle einer Beschwerde ausnahmsweise keine einvernehmliche L\u00f6sung mit dem Kunden gefunden werden kann, ist der Berater bereit, an einem Streitbeilegungsverfahren vor einer anerkannten Verbraucherschlichtungsstelle teilzunehmen.<\/p>\n<p>Zum Zwecke der au\u00dfergerichtlichen Streitbeilegung k\u00f6nnen Kunden sich an die folgende Schlichtungsstelle wenden:<\/p>\n<p>Schlichtungsstelle f\u00fcr gewerbliche Versicherungs-, Anlage- und Kreditvermittlung<\/p>\n<p>Glockengie\u00dferwall 2, 20095 Hamburg, Postanschrift: Postfach 10 14 24, 20009 Hamburg, Telefon: 040 \/ 696 508 &#8211; 90, Fax: 040 \/ 696 508 &#8211; 91, <span id=\"cloak3dd4d34af965421f79d75aebc20fd289\"><a href=\"mailto:kontakt@schlichtung-finanzberatung.de\">kontakt@schlichtung-finanzberatung.de<\/a><\/span>, www.schlichtung-finanzberatung.de<\/p>\n<\/td><\/tr><tr><td>&nbsp;\n<h3><strong>Informationen \u00fcber Nachhaltigkeitsrisiken bei Finanzprodukten<\/strong><\/h3>\n<p><strong>Was sind Nachhaltigkeitsrisiken?<\/strong><\/p>\n<p>Als Nachhaltigkeitsrisiken (ESG-Risiken) werden Ereignisse oder Bedingungen aus den drei Bereichen Umwelt (<strong>E<\/strong>nvironment), Soziales (<strong>S<\/strong>ocial) und Unternehmensf\u00fchrung (<strong>G<\/strong>overnance) bezeichnet, deren Eintreten negative Auswirkungen auf den Wert der Investition bzw. Anlage haben k\u00f6nnten. Diese Risiken k\u00f6nnen einzelne Unternehmen genauso wie ganze Branchen oder Regionen betreffen.<\/p>\n<p><strong>Was gibt es f\u00fcr Beispiele f\u00fcr Nachhaltigkeitsrisiken in den drei Bereichen?<\/strong><\/p>\n<ul>\n<li>In Folge des Klimawandels k\u00f6nnten vermehrt auftretende Extremwetterereignisse ein Risiko darstellen. Dieses Risiko wird auch physisches Risiko genannt. Ein Beispiel hierf\u00fcr w\u00e4re eine extreme Trockenperiode in einer bestimmten Region. Dadurch k\u00f6nnten Pegel von Transportwegen wie Fl\u00fcssen so weit sinken, dass der Transport von Waren beeintr\u00e4chtigt werden k\u00f6nnte.<\/li>\n<li>Im Bereich des Sozialen k\u00f6nnten sich Risiken zum Beispiel aus der Nichteinhaltung von arbeitsrechtlichen Standards oder des Gesundheitsschutzes ergeben.<\/li>\n<li>Beispiele f\u00fcr Risiken im Bereich der Unternehmensf\u00fchrung sind etwa die Nichteinhaltung der Steuerehrlichkeit oder Korruption in Unternehmen.<\/li>\n<\/ul>\n<p><strong>Information zur Einbeziehung von Nachhaltigkeitsrisiken bei der Beratungst\u00e4tigkeit (Art. 3 TVO)<\/strong><\/p>\n<p>Um Nachhaltigkeitsrisiken bei der Beratung einzubeziehen, werden im Rahmen der Auswahl von Anbietern (Finanzmarktteilnehmern) und deren Finanzprodukten deren zur Verf\u00fcgung gestellte Informationen ber\u00fccksichtigt. Anbieter, die erkennbar keine Strategie zur Einbeziehung von Nachhaltigkeitsrisiken in ihre Investitionsentscheidungen haben, werden ggf. nicht angeboten. Im Rahmen der Beratung wird ggf. gesondert dargestellt, wenn die Ber\u00fccksichtigung der Nachhaltigkeitsrisiken bei der Investmententscheidung erkennbare Vor- bzw. Nachteile f\u00fcr den Kunden bedeuten. \u00dcber die Ber\u00fccksichtigung von Nachhaltigkeitsrisiken bei Investitionsentscheidungen des jeweiligen Anbieters informiert dieser mit seinen vorvertraglichen Informationen. Fragen dazu kann der Kunde im Vorfeld eines m\u00f6glichen Abschlusses ansprechen.<\/p>\n<p><strong>Information zur Ber\u00fccksichtigung nachteiliger Auswirkungen auf Nachhaltigkeitsfaktoren (Art. 4 TVO)<\/strong><\/p>\n<p>Im Rahmen der Beratung werden die wichtigsten nachteiligen Auswirkungen von Investitionsentscheidungen auf Nachhaltigkeitsfaktoren ber\u00fccksichtigt. Die Ber\u00fccksichtigung erfolgt auf Basis der von den Anbietern zur Verf\u00fcgung gestellten Informationen zu ihrer Nachhaltigkeit und ggf. der Nachhaltigkeit des jeweiligen Finanzproduktes.<\/p>\n<p>(Zurzeit kann eine Ber\u00fccksichtigung auf Grund sich aufbauender, aber aktuell noch ggf. rudiment\u00e4rer Informationen durch die Anbieter lediglich bedingt erfolgen.)<\/p>\n<p><strong>Informationen zur Verg\u00fctungspolitik bei der Ber\u00fccksichtigung von Nachhaltigkeitsrisiken (Art. 5 TVO)<\/strong><\/p>\n<p>Die Verg\u00fctung f\u00fcr die Vermittlung von Finanzprodukten wird grunds\u00e4tzlich nicht von den Nachhaltigkeitsrisiken beeinflusst. Es kann vorkommen, dass Anbieter die Ber\u00fccksichtigung von Nachhaltigkeitsrisiken bei Investitionen h\u00f6her verg\u00fcten. Wenn dies dem Kundeninteresses nicht widerspricht, wird die h\u00f6here Verg\u00fctung angenommen.<\/p>\n<h4><strong>F\u00fcr die Beratungsdokumentation<\/strong><\/h4>\n<p><strong>Vorvertragliche Information zur Ber\u00fccksichtigung von Nachhaltigkeitsrisiken im Beratungsprozess (Art. 6 TVO)<\/strong><\/p>\n<p>Bei der Beratung zu Finanzprodukten werden Nachhaltigkeitsrisiken einbezogen, indem die vorvertraglichen Informationen des Anbieters verwendet werden. &nbsp;Trotz der Ber\u00fccksichtigung von Nachhaltigkeitsrisiken kann nicht ausgeschlossen werden, dass sich der Eintritt von Nachhaltigkeitsrisiken negativ auf die Rendite des Finanzproduktes auswirkt.<\/p>\n<\/td><\/tr><tr><td>\u00a0 <p><strong>Hinweise:<\/strong><\/p>\n<p>Das Internetangebot der GIP Fonds-Service GmbH soll Sie in Ihrer eigenst\u00e4ndigen und eigenverantwortlichen Entscheidung f\u00fcr den Kauf oder Verkauf von B&amp;B Fonds, aufgrund Ihrer eigenen Kenntnisse und Erfahrungen unterst\u00fctzen. Alle Informationen auf unserer Seite stellen keine Empfehlung zum Kauf oder Verkauf dar.<br><br>Diese Information dient der Produktwerbung. Diese Seite stellt kein Angebot und keine Aufforderung zum Kauf von Anteilen der B&amp;B Fonds dar. Verbindliche Grundlage f\u00fcr den Kauf des Fonds sind die wesentlichen Anlegerinformationen (KIID), der jeweils g\u00fcltige Verkaufsprospekt (nebst Anh\u00e4ngen und Satzung), der zuletzt ver\u00f6ffentlichte und gepr\u00fcfte Jahresbericht und \u2013 soweit bereits nach dem letzten Jahresbericht ver\u00f6ffentlicht \u2013 der letzte ungepr\u00fcfte Halbjahresbericht, die in deutscher Sprache bei der GIP Fonds-Service GmbH, Nagelstra\u00dfe 14, 54290 Trier (www.gip-service.de) kostenlos erh\u00e4ltlich sind.<br><br>Wir f\u00fchren gerne eine kostenlose Geeignetheits-, Angemessenheitspr\u00fcfung f\u00fcr alle B&amp;B Fonds durch. Sprechen Sie uns an.<br><br>Wir bieten auf Anfrage gegen Entgelt auch eine Geeignetheits-, Angemessenheitspr\u00fcfung f\u00fcr Fonds anderer Anbieter.<br>Die GIP pr\u00fcft und aktualisiert die Informationen auf ihren Internetseiten st\u00e4ndig mit der gebotenen Sorgfalt. Dennoch k\u00f6nnen sich die Daten inzwischen ver\u00e4ndert haben. Daher kann keine Haftung oder Garantie f\u00fcr die Richtigkeit, Aktualit\u00e4t und Vollst\u00e4ndigkeit der zur Verf\u00fcgung gestellten Informationen \u00fcbernommen werden. Dies gilt auch f\u00fcr alle anderen Internetseiten, auf die mittels Hyperlinks verwiesen wird. Die GIP ist f\u00fcr den Inhalt der Internetseiten, die per Hyperlinks erreicht werden, nicht verantwortlich.Die Funktionsf\u00e4higkeit der Internetseiten kann nicht garantiert werden. F\u00fcr Sch\u00e4den, die aus dem Zugang bzw. der Benutzung der Seiten resultieren, wird nicht gehaftet.<p><br>Der gesamte Inhalt der Internetseiten ist urheberrechtlich gesch\u00fctzt.<br>Jegliche vollst\u00e4ndige oder teilweise Reproduktion, \u00dcbermittlung, Modifikation, Verkn\u00fcpfung oder Benutzung der GIP- Internetseiten f\u00fcr \u00f6ffentliche oder kommerzielle Zwecke bedarf der vorherigen schriftlichen Zustimmung der GIP.<br><br>Die auf den Webseiten verwendeten Bilder und Grafiken stammen aus folgenden Bildarchiven:<\/p><ul> <li>\u00a9 Etienne Essner Kundenansprache<\/li> <li>Fotolia.com<\/li> <\/ul> <p>\u00a0<\/p> <p>\u00a9 2022<\/p> <p>Alle Rechte f\u00fcr alle L\u00e4nder vorbehalten<\/p> <\/td><\/tr><\/tbody><\/table><\/figure>\n","protected":false},"excerpt":{"rendered":"<p>Impressum Erstinformation \/ Statusbezogene InformationenErstinformation gem\u00e4\u00df \u00a7 34d Abs. 1 GewO- und \u00a7 34f GewO-Zulassungsinhaber gem. \u00a7 15 VersVermV und \u00a7 12 und \u00a7 12a FinVermV. 1.&nbsp;&nbsp; &nbsp;Name und Anschrift GIP Fonds-Service GmbHGesch\u00e4ftsf\u00fchrer: Edgar BauschertNagelstra\u00dfe 1454290 TrierTelefon: 0651 \/ 970 95 &#8211; 0Fax: 0651 \/ 970 95 &#8211; 22&nbsp;&nbsp; &nbsp;E-Mail: info@gip-service.dewww.gip-service.de 2.&nbsp;&nbsp; &nbsp;T\u00e4tigkeitsart Versicherungsmakler mit&hellip; <br \/> <a class=\"read-more\" href=\"https:\/\/fintech.gip-service.de\/?page_id=11923\">Weiterlesen<\/a><\/p>\n","protected":false},"author":2,"featured_media":0,"parent":0,"menu_order":0,"comment_status":"closed","ping_status":"closed","template":"","meta":{"inline_featured_image":false,"footnotes":""},"class_list":["post-11923","page","type-page","status-publish","hentry"],"yoast_head":"<!-- This site is optimized with the Yoast SEO plugin v24.4 - https:\/\/yoast.com\/wordpress\/plugins\/seo\/ -->\n<title>Impressum - Einfachdepot.de<\/title>\n<meta name=\"robots\" content=\"index, follow, max-snippet:-1, max-image-preview:large, max-video-preview:-1\" \/>\n<link rel=\"canonical\" href=\"https:\/\/fintech.gip-service.de\/?page_id=11923\" \/>\n<meta property=\"og:locale\" content=\"de_DE\" \/>\n<meta property=\"og:type\" content=\"article\" \/>\n<meta property=\"og:title\" content=\"Impressum - Einfachdepot.de\" \/>\n<meta property=\"og:description\" content=\"Impressum Erstinformation \/ Statusbezogene InformationenErstinformation gem\u00e4\u00df \u00a7 34d Abs. 1 GewO- und \u00a7 34f GewO-Zulassungsinhaber gem. \u00a7 15 VersVermV und \u00a7 12 und \u00a7 12a FinVermV. 1.&nbsp;&nbsp; &nbsp;Name und Anschrift GIP Fonds-Service GmbHGesch\u00e4ftsf\u00fchrer: Edgar BauschertNagelstra\u00dfe 1454290 TrierTelefon: 0651 \/ 970 95 &#8211; 0Fax: 0651 \/ 970 95 &#8211; 22&nbsp;&nbsp; &nbsp;E-Mail: info@gip-service.dewww.gip-service.de 2.&nbsp;&nbsp; &nbsp;T\u00e4tigkeitsart Versicherungsmakler mit&hellip; Weiterlesen\" \/>\n<meta property=\"og:url\" content=\"https:\/\/fintech.gip-service.de\/?page_id=11923\" \/>\n<meta property=\"og:site_name\" content=\"Einfachdepot.de\" \/>\n<meta property=\"article:modified_time\" content=\"2022-11-04T11:17:44+00:00\" \/>\n<meta name=\"twitter:card\" content=\"summary_large_image\" \/>\n<meta name=\"twitter:label1\" content=\"Gesch\u00e4tzte Lesezeit\" \/>\n\t<meta name=\"twitter:data1\" content=\"7\u00a0Minuten\" \/>\n<script type=\"application\/ld+json\" class=\"yoast-schema-graph\">{\"@context\":\"https:\/\/schema.org\",\"@graph\":[{\"@type\":\"WebPage\",\"@id\":\"https:\/\/fintech.gip-service.de\/?page_id=11923\",\"url\":\"https:\/\/fintech.gip-service.de\/?page_id=11923\",\"name\":\"Impressum - Einfachdepot.de\",\"isPartOf\":{\"@id\":\"https:\/\/fintech.gip-service.de\/#website\"},\"datePublished\":\"2022-11-03T11:29:33+00:00\",\"dateModified\":\"2022-11-04T11:17:44+00:00\",\"breadcrumb\":{\"@id\":\"https:\/\/fintech.gip-service.de\/?page_id=11923#breadcrumb\"},\"inLanguage\":\"de\",\"potentialAction\":[{\"@type\":\"ReadAction\",\"target\":[\"https:\/\/fintech.gip-service.de\/?page_id=11923\"]}]},{\"@type\":\"BreadcrumbList\",\"@id\":\"https:\/\/fintech.gip-service.de\/?page_id=11923#breadcrumb\",\"itemListElement\":[{\"@type\":\"ListItem\",\"position\":1,\"name\":\"Startseite\",\"item\":\"https:\/\/fintech.gip-service.de\/\"},{\"@type\":\"ListItem\",\"position\":2,\"name\":\"Impressum\"}]},{\"@type\":\"WebSite\",\"@id\":\"https:\/\/fintech.gip-service.de\/#website\",\"url\":\"https:\/\/fintech.gip-service.de\/\",\"name\":\"Einfachdepot.de\",\"description\":\"\",\"publisher\":{\"@id\":\"https:\/\/fintech.gip-service.de\/#organization\"},\"potentialAction\":[{\"@type\":\"SearchAction\",\"target\":{\"@type\":\"EntryPoint\",\"urlTemplate\":\"https:\/\/fintech.gip-service.de\/?s={search_term_string}\"},\"query-input\":{\"@type\":\"PropertyValueSpecification\",\"valueRequired\":true,\"valueName\":\"search_term_string\"}}],\"inLanguage\":\"de\"},{\"@type\":\"Organization\",\"@id\":\"https:\/\/fintech.gip-service.de\/#organization\",\"name\":\"GIP Fonds-Service GmbH\",\"url\":\"https:\/\/fintech.gip-service.de\/\",\"logo\":{\"@type\":\"ImageObject\",\"inLanguage\":\"de\",\"@id\":\"https:\/\/fintech.gip-service.de\/#\/schema\/logo\/image\/\",\"url\":\"https:\/\/fintech.gip-service.de\/wp-content\/uploads\/2016\/12\/Logo-Eckig_150x150.png\",\"contentUrl\":\"https:\/\/fintech.gip-service.de\/wp-content\/uploads\/2016\/12\/Logo-Eckig_150x150.png\",\"width\":112,\"height\":150,\"caption\":\"GIP Fonds-Service GmbH\"},\"image\":{\"@id\":\"https:\/\/fintech.gip-service.de\/#\/schema\/logo\/image\/\"},\"sameAs\":[\"https:\/\/youtu.be\/XjvZjmNh0Vk\"]}]}<\/script>\n<!-- \/ Yoast SEO plugin. -->","yoast_head_json":{"title":"Impressum - Einfachdepot.de","robots":{"index":"index","follow":"follow","max-snippet":"max-snippet:-1","max-image-preview":"max-image-preview:large","max-video-preview":"max-video-preview:-1"},"canonical":"https:\/\/fintech.gip-service.de\/?page_id=11923","og_locale":"de_DE","og_type":"article","og_title":"Impressum - Einfachdepot.de","og_description":"Impressum Erstinformation \/ Statusbezogene InformationenErstinformation gem\u00e4\u00df \u00a7 34d Abs. 1 GewO- und \u00a7 34f GewO-Zulassungsinhaber gem. \u00a7 15 VersVermV und \u00a7 12 und \u00a7 12a FinVermV. 1.&nbsp;&nbsp; &nbsp;Name und Anschrift GIP Fonds-Service GmbHGesch\u00e4ftsf\u00fchrer: Edgar BauschertNagelstra\u00dfe 1454290 TrierTelefon: 0651 \/ 970 95 &#8211; 0Fax: 0651 \/ 970 95 &#8211; 22&nbsp;&nbsp; &nbsp;E-Mail: info@gip-service.dewww.gip-service.de 2.&nbsp;&nbsp; &nbsp;T\u00e4tigkeitsart Versicherungsmakler mit&hellip; Weiterlesen","og_url":"https:\/\/fintech.gip-service.de\/?page_id=11923","og_site_name":"Einfachdepot.de","article_modified_time":"2022-11-04T11:17:44+00:00","twitter_card":"summary_large_image","twitter_misc":{"Gesch\u00e4tzte Lesezeit":"7\u00a0Minuten"},"schema":{"@context":"https:\/\/schema.org","@graph":[{"@type":"WebPage","@id":"https:\/\/fintech.gip-service.de\/?page_id=11923","url":"https:\/\/fintech.gip-service.de\/?page_id=11923","name":"Impressum - Einfachdepot.de","isPartOf":{"@id":"https:\/\/fintech.gip-service.de\/#website"},"datePublished":"2022-11-03T11:29:33+00:00","dateModified":"2022-11-04T11:17:44+00:00","breadcrumb":{"@id":"https:\/\/fintech.gip-service.de\/?page_id=11923#breadcrumb"},"inLanguage":"de","potentialAction":[{"@type":"ReadAction","target":["https:\/\/fintech.gip-service.de\/?page_id=11923"]}]},{"@type":"BreadcrumbList","@id":"https:\/\/fintech.gip-service.de\/?page_id=11923#breadcrumb","itemListElement":[{"@type":"ListItem","position":1,"name":"Startseite","item":"https:\/\/fintech.gip-service.de\/"},{"@type":"ListItem","position":2,"name":"Impressum"}]},{"@type":"WebSite","@id":"https:\/\/fintech.gip-service.de\/#website","url":"https:\/\/fintech.gip-service.de\/","name":"Einfachdepot.de","description":"","publisher":{"@id":"https:\/\/fintech.gip-service.de\/#organization"},"potentialAction":[{"@type":"SearchAction","target":{"@type":"EntryPoint","urlTemplate":"https:\/\/fintech.gip-service.de\/?s={search_term_string}"},"query-input":{"@type":"PropertyValueSpecification","valueRequired":true,"valueName":"search_term_string"}}],"inLanguage":"de"},{"@type":"Organization","@id":"https:\/\/fintech.gip-service.de\/#organization","name":"GIP Fonds-Service GmbH","url":"https:\/\/fintech.gip-service.de\/","logo":{"@type":"ImageObject","inLanguage":"de","@id":"https:\/\/fintech.gip-service.de\/#\/schema\/logo\/image\/","url":"https:\/\/fintech.gip-service.de\/wp-content\/uploads\/2016\/12\/Logo-Eckig_150x150.png","contentUrl":"https:\/\/fintech.gip-service.de\/wp-content\/uploads\/2016\/12\/Logo-Eckig_150x150.png","width":112,"height":150,"caption":"GIP Fonds-Service GmbH"},"image":{"@id":"https:\/\/fintech.gip-service.de\/#\/schema\/logo\/image\/"},"sameAs":["https:\/\/youtu.be\/XjvZjmNh0Vk"]}]}},"_links":{"self":[{"href":"https:\/\/fintech.gip-service.de\/index.php?rest_route=\/wp\/v2\/pages\/11923","targetHints":{"allow":["GET"]}}],"collection":[{"href":"https:\/\/fintech.gip-service.de\/index.php?rest_route=\/wp\/v2\/pages"}],"about":[{"href":"https:\/\/fintech.gip-service.de\/index.php?rest_route=\/wp\/v2\/types\/page"}],"author":[{"embeddable":true,"href":"https:\/\/fintech.gip-service.de\/index.php?rest_route=\/wp\/v2\/users\/2"}],"replies":[{"embeddable":true,"href":"https:\/\/fintech.gip-service.de\/index.php?rest_route=%2Fwp%2Fv2%2Fcomments&post=11923"}],"version-history":[{"count":8,"href":"https:\/\/fintech.gip-service.de\/index.php?rest_route=\/wp\/v2\/pages\/11923\/revisions"}],"predecessor-version":[{"id":11937,"href":"https:\/\/fintech.gip-service.de\/index.php?rest_route=\/wp\/v2\/pages\/11923\/revisions\/11937"}],"wp:attachment":[{"href":"https:\/\/fintech.gip-service.de\/index.php?rest_route=%2Fwp%2Fv2%2Fmedia&parent=11923"}],"curies":[{"name":"wp","href":"https:\/\/api.w.org\/{rel}","templated":true}]}}